{"id":104,"date":"2024-07-18T10:58:57","date_gmt":"2024-07-18T10:58:57","guid":{"rendered":"https:\/\/amorliquidx.com\/index.php\/home\/"},"modified":"2024-07-18T11:09:25","modified_gmt":"2024-07-18T11:09:25","slug":"home","status":"publish","type":"page","link":"https:\/\/amorliquidx.com\/","title":{"rendered":"home"},"content":{"rendered":"\t\t<div data-elementor-type=\"wp-page\" data-elementor-id=\"104\" class=\"elementor elementor-104\" data-elementor-post-type=\"page\">\n\t\t\t\t<div class=\"elementor-element elementor-element-64f40847 e-con-full e-flex e-con e-parent\" data-id=\"64f40847\" data-element_type=\"container\">\n\t\t<div class=\"elementor-element elementor-element-49f299b3 e-flex e-con-boxed e-con e-child\" data-id=\"49f299b3\" data-element_type=\"container\">\n\t\t\t\t\t<div class=\"e-con-inner\">\n\t\t\t\t<div class=\"elementor-element elementor-element-7a0b6c40 elementor-widget elementor-widget-heading\" data-id=\"7a0b6c40\" data-element_type=\"widget\" data-widget_type=\"heading.default\">\n\t\t\t\t<div class=\"elementor-widget-container\">\n\t\t\t<h1 class=\"elementor-heading-title elementor-size-default\">amor<\/h1>\t\t<\/div>\n\t\t\t\t<\/div>\n\t\t\t\t\t<\/div>\n\t\t\t\t<\/div>\n\t\t<div class=\"elementor-element elementor-element-62bc0a24 e-con-full e-flex e-con e-child\" data-id=\"62bc0a24\" data-element_type=\"container\" data-settings=\"{&quot;background_background&quot;:&quot;classic&quot;}\">\n\t\t\t\t<\/div>\n\t\t<div class=\"elementor-element elementor-element-1d1a7839 e-flex e-con-boxed e-con e-child\" data-id=\"1d1a7839\" data-element_type=\"container\">\n\t\t\t\t\t<div class=\"e-con-inner\">\n\t\t\t\t<div class=\"elementor-element elementor-element-735ed8a4 elementor-widget elementor-widget-heading\" data-id=\"735ed8a4\" data-element_type=\"widget\" data-widget_type=\"heading.default\">\n\t\t\t\t<div class=\"elementor-widget-container\">\n\t\t\t<h1 class=\"elementor-heading-title elementor-size-default\">L\u00cdQUIDO<\/h1>\t\t<\/div>\n\t\t\t\t<\/div>\n\t\t\t\t\t<\/div>\n\t\t\t\t<\/div>\n\t\t\t\t<\/div>\n\t\t<div class=\"elementor-element elementor-element-1f0e9878 e-flex e-con-boxed e-con e-parent\" data-id=\"1f0e9878\" data-element_type=\"container\">\n\t\t\t\t\t<div class=\"e-con-inner\">\n\t\t<div class=\"elementor-element elementor-element-31d24281 e-con-full e-flex e-con e-child\" data-id=\"31d24281\" data-element_type=\"container\">\n\t\t\t\t<div class=\"elementor-element elementor-element-6fd63286 elementor-widget-tablet__width-initial elementor-widget elementor-widget-heading\" data-id=\"6fd63286\" data-element_type=\"widget\" data-widget_type=\"heading.default\">\n\t\t\t\t<div class=\"elementor-widget-container\">\n\t\t\t<h2 class=\"elementor-heading-title elementor-size-default\">NUEVO DISCO YA a la venta<\/h2>\t\t<\/div>\n\t\t\t\t<\/div>\n\t\t\t\t<\/div>\n\t\t<div class=\"elementor-element elementor-element-3568aaeb e-con-full e-flex e-con e-child\" data-id=\"3568aaeb\" data-element_type=\"container\">\n\t\t\t\t<div class=\"elementor-element elementor-element-3d4b77f6 elementor-align-center elementor-mobile-align-center elementor-widget elementor-widget-button\" data-id=\"3d4b77f6\" data-element_type=\"widget\" data-widget_type=\"button.default\">\n\t\t\t\t<div class=\"elementor-widget-container\">\n\t\t\t\t\t<div class=\"elementor-button-wrapper\">\n\t\t\t<a class=\"elementor-button elementor-button-link elementor-size-sm elementor-animation-shrink\" href=\"https:\/\/linktr.ee\/amorliquidx\" target=\"_blank\">\n\t\t\t\t\t\t<span class=\"elementor-button-content-wrapper\">\n\t\t\t\t\t\t\t\t\t<span class=\"elementor-button-text\">hazte con el tuyo aqu\u00ed<\/span>\n\t\t\t\t\t<\/span>\n\t\t\t\t\t<\/a>\n\t\t<\/div>\n\t\t\t\t<\/div>\n\t\t\t\t<\/div>\n\t\t\t\t<\/div>\n\t\t\t\t\t<\/div>\n\t\t\t\t<\/div>\n\t\t\t\t<section class=\"elementor-section elementor-top-section elementor-element elementor-element-57deeb55 elementor-section-height-min-height elementor-section-items-stretch elementor-section-boxed elementor-section-height-default\" data-id=\"57deeb55\" data-element_type=\"section\" data-settings=\"{&quot;background_background&quot;:&quot;classic&quot;}\">\n\t\t\t\t\t\t\t<div class=\"elementor-background-overlay\"><\/div>\n\t\t\t\t\t\t\t<div class=\"elementor-container elementor-column-gap-no\">\n\t\t\t\t\t<div class=\"elementor-column elementor-col-100 elementor-top-column elementor-element elementor-element-1d8ac31d\" data-id=\"1d8ac31d\" data-element_type=\"column\">\n\t\t\t<div class=\"elementor-widget-wrap elementor-element-populated\">\n\t\t\t\t\t\t<section class=\"elementor-section elementor-inner-section elementor-element elementor-element-11fbb067 elementor-section-full_width elementor-section-height-min-height elementor-section-content-middle elementor-section-height-default\" data-id=\"11fbb067\" data-element_type=\"section\">\n\t\t\t\t\t\t<div class=\"elementor-container elementor-column-gap-default\">\n\t\t\t\t\t<div class=\"elementor-column elementor-col-25 elementor-inner-column elementor-element elementor-element-78b35be9\" data-id=\"78b35be9\" data-element_type=\"column\">\n\t\t\t<div class=\"elementor-widget-wrap elementor-element-populated\">\n\t\t\t\t\t\t<div class=\"elementor-element elementor-element-51e4f6ee elementor-widget elementor-widget-image\" data-id=\"51e4f6ee\" data-element_type=\"widget\" data-widget_type=\"image.default\">\n\t\t\t\t<div class=\"elementor-widget-container\">\n\t\t\t\t\t\t\t\t\t\t\t\t\t\t<a href=\"https:\/\/amorliquidx.bandcamp.com\/album\/amor-l-quido\">\n\t\t\t\t\t\t\t<img fetchpriority=\"high\" decoding=\"async\" width=\"500\" height=\"500\" src=\"https:\/\/amorliquidx.com\/wp-content\/uploads\/2024\/07\/Amor-Liquido-Mock-Up-VINYL-BLACK.png\" class=\"elementor-animation-rotate attachment-large size-large wp-image-106\" alt=\"\" srcset=\"https:\/\/amorliquidx.com\/wp-content\/uploads\/2024\/07\/Amor-Liquido-Mock-Up-VINYL-BLACK.png 500w, https:\/\/amorliquidx.com\/wp-content\/uploads\/2024\/07\/Amor-Liquido-Mock-Up-VINYL-BLACK-300x300.png 300w, https:\/\/amorliquidx.com\/wp-content\/uploads\/2024\/07\/Amor-Liquido-Mock-Up-VINYL-BLACK-150x150.png 150w\" sizes=\"(max-width: 500px) 100vw, 500px\" \/>\t\t\t\t\t\t\t\t<\/a>\n\t\t\t\t\t\t\t\t\t\t\t\t\t<\/div>\n\t\t\t\t<\/div>\n\t\t\t\t\t<\/div>\n\t\t<\/div>\n\t\t\t\t<div class=\"elementor-column elementor-col-25 elementor-inner-column elementor-element elementor-element-7103ce25\" data-id=\"7103ce25\" data-element_type=\"column\">\n\t\t\t<div class=\"elementor-widget-wrap elementor-element-populated\">\n\t\t\t\t\t\t<div class=\"elementor-element elementor-element-9b52b65 elementor-widget elementor-widget-image\" data-id=\"9b52b65\" data-element_type=\"widget\" data-widget_type=\"image.default\">\n\t\t\t\t<div class=\"elementor-widget-container\">\n\t\t\t\t\t\t\t\t\t\t\t\t\t\t<a href=\"https:\/\/amorliquidx.bandcamp.com\/album\/amor-l-quido\">\n\t\t\t\t\t\t\t<img decoding=\"async\" width=\"500\" height=\"500\" src=\"https:\/\/amorliquidx.com\/wp-content\/uploads\/2024\/07\/Amor-Liquido-Mock-Up-VINYL-RED.png\" class=\"elementor-animation-rotate attachment-large size-large wp-image-107\" alt=\"\" srcset=\"https:\/\/amorliquidx.com\/wp-content\/uploads\/2024\/07\/Amor-Liquido-Mock-Up-VINYL-RED.png 500w, https:\/\/amorliquidx.com\/wp-content\/uploads\/2024\/07\/Amor-Liquido-Mock-Up-VINYL-RED-300x300.png 300w, https:\/\/amorliquidx.com\/wp-content\/uploads\/2024\/07\/Amor-Liquido-Mock-Up-VINYL-RED-150x150.png 150w\" sizes=\"(max-width: 500px) 100vw, 500px\" \/>\t\t\t\t\t\t\t\t<\/a>\n\t\t\t\t\t\t\t\t\t\t\t\t\t<\/div>\n\t\t\t\t<\/div>\n\t\t\t\t\t<\/div>\n\t\t<\/div>\n\t\t\t\t<div class=\"elementor-column elementor-col-25 elementor-inner-column elementor-element elementor-element-40f02828\" data-id=\"40f02828\" data-element_type=\"column\">\n\t\t\t<div class=\"elementor-widget-wrap elementor-element-populated\">\n\t\t\t\t\t\t<div class=\"elementor-element elementor-element-5eff1264 elementor-widget elementor-widget-image\" data-id=\"5eff1264\" data-element_type=\"widget\" data-widget_type=\"image.default\">\n\t\t\t\t<div class=\"elementor-widget-container\">\n\t\t\t\t\t\t\t\t\t\t\t\t\t\t<a href=\"https:\/\/amorliquidx.bandcamp.com\/merch\/amor-l-quido-white-t-shirt\">\n\t\t\t\t\t\t\t<img decoding=\"async\" width=\"500\" height=\"500\" src=\"https:\/\/amorliquidx.com\/wp-content\/uploads\/2024\/07\/Amor-Liquido-Tag-MOCK-UP-blanca.png\" class=\"elementor-animation-rotate attachment-large size-large wp-image-108\" alt=\"\" srcset=\"https:\/\/amorliquidx.com\/wp-content\/uploads\/2024\/07\/Amor-Liquido-Tag-MOCK-UP-blanca.png 500w, https:\/\/amorliquidx.com\/wp-content\/uploads\/2024\/07\/Amor-Liquido-Tag-MOCK-UP-blanca-300x300.png 300w, https:\/\/amorliquidx.com\/wp-content\/uploads\/2024\/07\/Amor-Liquido-Tag-MOCK-UP-blanca-150x150.png 150w\" sizes=\"(max-width: 500px) 100vw, 500px\" \/>\t\t\t\t\t\t\t\t<\/a>\n\t\t\t\t\t\t\t\t\t\t\t\t\t<\/div>\n\t\t\t\t<\/div>\n\t\t\t\t\t<\/div>\n\t\t<\/div>\n\t\t\t\t<div class=\"elementor-column elementor-col-25 elementor-inner-column elementor-element elementor-element-55b365ec\" data-id=\"55b365ec\" data-element_type=\"column\">\n\t\t\t<div class=\"elementor-widget-wrap elementor-element-populated\">\n\t\t\t\t\t\t<div class=\"elementor-element elementor-element-45c84a55 elementor-widget elementor-widget-image\" data-id=\"45c84a55\" data-element_type=\"widget\" data-widget_type=\"image.default\">\n\t\t\t\t<div class=\"elementor-widget-container\">\n\t\t\t\t\t\t\t\t\t\t\t\t\t\t<a href=\"https:\/\/amorliquidx.bandcamp.com\/merch\/amor-l-quido-black-t-shirt\">\n\t\t\t\t\t\t\t<img loading=\"lazy\" decoding=\"async\" width=\"500\" height=\"500\" src=\"https:\/\/amorliquidx.com\/wp-content\/uploads\/2024\/07\/Amor-Liquido-Tag-MOCK-UP-negra.png\" class=\"elementor-animation-rotate attachment-large size-large wp-image-109\" alt=\"\" srcset=\"https:\/\/amorliquidx.com\/wp-content\/uploads\/2024\/07\/Amor-Liquido-Tag-MOCK-UP-negra.png 500w, https:\/\/amorliquidx.com\/wp-content\/uploads\/2024\/07\/Amor-Liquido-Tag-MOCK-UP-negra-300x300.png 300w, https:\/\/amorliquidx.com\/wp-content\/uploads\/2024\/07\/Amor-Liquido-Tag-MOCK-UP-negra-150x150.png 150w\" sizes=\"(max-width: 500px) 100vw, 500px\" \/>\t\t\t\t\t\t\t\t<\/a>\n\t\t\t\t\t\t\t\t\t\t\t\t\t<\/div>\n\t\t\t\t<\/div>\n\t\t\t\t\t<\/div>\n\t\t<\/div>\n\t\t\t\t\t<\/div>\n\t\t<\/section>\n\t\t\t\t\t<\/div>\n\t\t<\/div>\n\t\t\t\t\t<\/div>\n\t\t<\/section>\n\t\t<div class=\"elementor-element elementor-element-41f0a1c3 e-flex e-con-boxed e-con e-parent\" data-id=\"41f0a1c3\" data-element_type=\"container\">\n\t\t\t\t\t<div class=\"e-con-inner\">\n\t\t\t\t<div class=\"elementor-element elementor-element-bd508b4 elementor-widget elementor-widget-video\" data-id=\"bd508b4\" data-element_type=\"widget\" data-settings=\"{&quot;youtube_url&quot;:&quot;https:\\\/\\\/youtu.be\\\/NYKbPTj_7g0?si=0YnVz1P7cmYACqsf&quot;,&quot;yt_privacy&quot;:&quot;yes&quot;,&quot;lazy_load&quot;:&quot;yes&quot;,&quot;video_type&quot;:&quot;youtube&quot;,&quot;controls&quot;:&quot;yes&quot;}\" data-widget_type=\"video.default\">\n\t\t\t\t<div class=\"elementor-widget-container\">\n\t\t\t\t\t<div class=\"elementor-wrapper elementor-open-inline\">\n\t\t\t<div class=\"elementor-video\"><\/div>\t\t<\/div>\n\t\t\t\t<\/div>\n\t\t\t\t<\/div>\n\t\t\t\t\t<\/div>\n\t\t\t\t<\/div>\n\t\t<div class=\"elementor-element elementor-element-1d07fa06 e-flex e-con-boxed e-con e-parent\" data-id=\"1d07fa06\" data-element_type=\"container\">\n\t\t\t\t\t<div class=\"e-con-inner\">\n\t\t<div class=\"elementor-element elementor-element-45b388bc e-con-full e-flex e-con e-child\" data-id=\"45b388bc\" data-element_type=\"container\">\n\t\t\t\t<div class=\"elementor-element elementor-element-71fba41a elementor-align-justify elementor-widget__width-inherit elementor-widget elementor-widget-button\" data-id=\"71fba41a\" data-element_type=\"widget\" data-widget_type=\"button.default\">\n\t\t\t\t<div class=\"elementor-widget-container\">\n\t\t\t\t\t<div class=\"elementor-button-wrapper\">\n\t\t\t<a class=\"elementor-button elementor-button-link elementor-size-sm elementor-animation-shrink\" href=\"https:\/\/www.youtube.com\/@amorliquidx\">\n\t\t\t\t\t\t<span class=\"elementor-button-content-wrapper\">\n\t\t\t\t\t\t\t\t\t<span class=\"elementor-button-text\">ver en youtube<\/span>\n\t\t\t\t\t<\/span>\n\t\t\t\t\t<\/a>\n\t\t<\/div>\n\t\t\t\t<\/div>\n\t\t\t\t<\/div>\n\t\t\t\t<\/div>\n\t\t\t\t\t<\/div>\n\t\t\t\t<\/div>\n\t\t\t\t<section class=\"elementor-section elementor-top-section elementor-element elementor-element-568f5727 elementor-section-height-min-height elementor-section-items-stretch elementor-section-boxed elementor-section-height-default\" data-id=\"568f5727\" data-element_type=\"section\" data-settings=\"{&quot;background_background&quot;:&quot;classic&quot;}\">\n\t\t\t\t\t\t<div class=\"elementor-container elementor-column-gap-default\">\n\t\t\t\t\t<div class=\"elementor-column elementor-col-100 elementor-top-column elementor-element elementor-element-475a83af\" data-id=\"475a83af\" data-element_type=\"column\">\n\t\t\t<div class=\"elementor-widget-wrap elementor-element-populated\">\n\t\t\t\t\t\t<div class=\"elementor-element elementor-element-5356c663 e-transform elementor-widget elementor-widget-heading\" data-id=\"5356c663\" data-element_type=\"widget\" data-settings=\"{&quot;_transform_rotateZ_effect&quot;:{&quot;unit&quot;:&quot;px&quot;,&quot;size&quot;:2,&quot;sizes&quot;:[]},&quot;_transform_rotateZ_effect_tablet_extra&quot;:{&quot;unit&quot;:&quot;deg&quot;,&quot;size&quot;:3,&quot;sizes&quot;:[]},&quot;_transform_rotateZ_effect_tablet&quot;:{&quot;unit&quot;:&quot;deg&quot;,&quot;size&quot;:5,&quot;sizes&quot;:[]},&quot;_transform_rotateZ_effect_laptop&quot;:{&quot;unit&quot;:&quot;deg&quot;,&quot;size&quot;:&quot;&quot;,&quot;sizes&quot;:[]},&quot;_transform_rotateZ_effect_mobile_extra&quot;:{&quot;unit&quot;:&quot;deg&quot;,&quot;size&quot;:&quot;&quot;,&quot;sizes&quot;:[]},&quot;_transform_rotateZ_effect_mobile&quot;:{&quot;unit&quot;:&quot;deg&quot;,&quot;size&quot;:&quot;&quot;,&quot;sizes&quot;:[]}}\" data-widget_type=\"heading.default\">\n\t\t\t\t<div class=\"elementor-widget-container\">\n\t\t\t<h2 class=\"elementor-heading-title elementor-size-default\">CONCIERTOS<\/h2>\t\t<\/div>\n\t\t\t\t<\/div>\n\t\t\t\t<div class=\"elementor-element elementor-element-62a0f551 elementor-widget elementor-widget-html\" data-id=\"62a0f551\" data-element_type=\"widget\" data-widget_type=\"html.default\">\n\t\t\t\t<div class=\"elementor-widget-container\">\n\t\t\t<a href=\"https:\/\/www.songkick.com\/artists\/10153550\" class=\"songkick-widget\" data-theme=\"dark\" data-track-button=\"on\" data-detect-style=\"off\" data-background-color=\"rgb(0,0,0,1)\" data-font-color=\"rgb(255,255,255,1)\" data-button-bg-color=\"rgb(255,255,255,1)\" data-button-text-color=\"rgb(0,0,0,1)\" data-locale=\"es\" data-other-artists=\"on\" data-share-button=\"on\" data-country-filter=\"on\" data-rsvp=\"on\" data-request-show=\"on\" data-past-events=\"off\" data-past-events-offtour=\"off\" data-remind-me=\"off\" style=\"display: none;\"><\/a><script src='\/\/widget-app.songkick.com\/injector\/10153550'><\/script>\t\t<\/div>\n\t\t\t\t<\/div>\n\t\t\t\t\t<\/div>\n\t\t<\/div>\n\t\t\t\t\t<\/div>\n\t\t<\/section>\n\t\t<div class=\"elementor-element elementor-element-737e1c5d e-flex e-con-boxed e-con e-parent\" data-id=\"737e1c5d\" data-element_type=\"container\" data-settings=\"{&quot;background_background&quot;:&quot;classic&quot;}\">\n\t\t\t\t\t<div class=\"e-con-inner\">\n\t\t<div class=\"elementor-element elementor-element-53e0e53c e-con-full e-flex e-con e-child\" data-id=\"53e0e53c\" data-element_type=\"container\">\n\t\t\t\t<div class=\"elementor-element elementor-element-5b829bb elementor-widget elementor-widget-heading\" data-id=\"5b829bb\" data-element_type=\"widget\" data-widget_type=\"heading.default\">\n\t\t\t\t<div class=\"elementor-widget-container\">\n\t\t\t<h3 class=\"elementor-heading-title elementor-size-default\">\u00bfQUIERES TENER NOTICIAS NUESTRAS?<\/h3>\t\t<\/div>\n\t\t\t\t<\/div>\n\t\t\t\t<\/div>\n\t\t<div class=\"elementor-element elementor-element-27897042 e-con-full e-flex e-con e-child\" data-id=\"27897042\" data-element_type=\"container\">\n\t\t\t\t<div class=\"elementor-element elementor-element-657d67e0 elementor-widget elementor-widget-text-editor\" data-id=\"657d67e0\" data-element_type=\"widget\" data-widget_type=\"text-editor.default\">\n\t\t\t\t<div class=\"elementor-widget-container\">\n\t\t\t\t\t\t\t<p>\u00a1Ap\u00fantate a nuestra comunidad!<\/p><p>Reg\u00edstrate para recibir acceso anticipado a entradas, noticias, fechas de giras, nueva m\u00fasica y m\u00e1s. Puedes darte de baja en cualquier momento.<\/p>\t\t\t\t\t\t<\/div>\n\t\t\t\t<\/div>\n\t\t\t\t<\/div>\n\t\t<div class=\"elementor-element elementor-element-34ae0e23 e-con-full e-flex e-con e-child\" data-id=\"34ae0e23\" data-element_type=\"container\">\n\t\t\t\t<div class=\"elementor-element elementor-element-4d0b66d elementor-align-justify elementor-widget__width-inherit elementor-widget elementor-widget-button\" data-id=\"4d0b66d\" data-element_type=\"widget\" data-widget_type=\"button.default\">\n\t\t\t\t<div class=\"elementor-widget-container\">\n\t\t\t\t\t<div class=\"elementor-button-wrapper\">\n\t\t\t<a class=\"elementor-button elementor-button-link elementor-size-sm elementor-animation-shrink\" href=\"https:\/\/amorliquidx.com\/index.php\/comunidad\/\">\n\t\t\t\t\t\t<span class=\"elementor-button-content-wrapper\">\n\t\t\t\t\t\t\t\t\t<span class=\"elementor-button-text\">Haz clic aqu\u00ed<\/span>\n\t\t\t\t\t<\/span>\n\t\t\t\t\t<\/a>\n\t\t<\/div>\n\t\t\t\t<\/div>\n\t\t\t\t<\/div>\n\t\t\t\t<\/div>\n\t\t\t\t\t<\/div>\n\t\t\t\t<\/div>\n\t\t\t\t<\/div>\n\t\t","protected":false},"excerpt":{"rendered":"<p>amor L\u00cdQUIDO NUEVO DISCO YA a la venta hazte con el tuyo aqu\u00ed ver en youtube CONCIERTOS \u00bfQUIERES TENER NOTICIAS NUESTRAS? \u00a1Ap\u00fantate a nuestra comunidad! Reg\u00edstrate para recibir acceso anticipado a entradas, noticias, fechas de giras, nueva m\u00fasica y m\u00e1s. Puedes darte de baja en cualquier momento. Haz clic aqu\u00ed<\/p>\n","protected":false},"author":1,"featured_media":0,"parent":0,"menu_order":0,"comment_status":"closed","ping_status":"closed","template":"","meta":{"footnotes":""},"class_list":["post-104","page","type-page","status-publish","hentry"],"_links":{"self":[{"href":"https:\/\/amorliquidx.com\/index.php\/wp-json\/wp\/v2\/pages\/104","targetHints":{"allow":["GET"]}}],"collection":[{"href":"https:\/\/amorliquidx.com\/index.php\/wp-json\/wp\/v2\/pages"}],"about":[{"href":"https:\/\/amorliquidx.com\/index.php\/wp-json\/wp\/v2\/types\/page"}],"author":[{"embeddable":true,"href":"https:\/\/amorliquidx.com\/index.php\/wp-json\/wp\/v2\/users\/1"}],"replies":[{"embeddable":true,"href":"https:\/\/amorliquidx.com\/index.php\/wp-json\/wp\/v2\/comments?post=104"}],"version-history":[{"count":7,"href":"https:\/\/amorliquidx.com\/index.php\/wp-json\/wp\/v2\/pages\/104\/revisions"}],"predecessor-version":[{"id":211,"href":"https:\/\/amorliquidx.com\/index.php\/wp-json\/wp\/v2\/pages\/104\/revisions\/211"}],"wp:attachment":[{"href":"https:\/\/amorliquidx.com\/index.php\/wp-json\/wp\/v2\/media?parent=104"}],"curies":[{"name":"wp","href":"https:\/\/api.w.org\/{rel}","templated":true}]}}